{"id":31,"date":"2024-11-06T08:43:10","date_gmt":"2024-11-06T11:43:10","guid":{"rendered":"https:\/\/ipet1.neuquen.edu.ar\/?page_id=31"},"modified":"2025-08-25T21:29:40","modified_gmt":"2025-08-26T00:29:40","slug":"nosotros","status":"publish","type":"page","link":"https:\/\/ipet1.neuquen.edu.ar\/?page_id=31","title":{"rendered":"NOSOTROS"},"content":{"rendered":"\t\t<div data-elementor-type=\"wp-page\" data-elementor-id=\"31\" class=\"elementor elementor-31\" data-elementor-post-type=\"page\">\n\t\t\t\t<div class=\"elementor-element elementor-element-8977fe2 e-flex e-con-boxed e-con e-parent\" data-id=\"8977fe2\" data-element_type=\"container\" data-e-type=\"container\">\n\t\t\t\t\t<div class=\"e-con-inner\">\n\t\t<div class=\"elementor-element elementor-element-7355c0a e-con-full e-flex e-con e-child\" data-id=\"7355c0a\" data-element_type=\"container\" data-e-type=\"container\">\n\t\t\t\t<div class=\"elementor-element elementor-element-4b1feb2 elementor-nav-menu--dropdown-tablet elementor-nav-menu__text-align-aside elementor-nav-menu--toggle elementor-nav-menu--burger elementor-widget elementor-widget-nav-menu\" data-id=\"4b1feb2\" data-element_type=\"widget\" data-e-type=\"widget\" data-settings=\"{&quot;layout&quot;:&quot;horizontal&quot;,&quot;submenu_icon&quot;:{&quot;value&quot;:&quot;&lt;svg class=\\&quot;e-font-icon-svg e-fas-caret-down\\&quot; viewBox=\\&quot;0 0 320 512\\&quot; xmlns=\\&quot;http:\\\/\\\/www.w3.org\\\/2000\\\/svg\\&quot;&gt;&lt;path d=\\&quot;M31.3 192h257.3c17.8 0 26.7 21.5 14.1 34.1L174.1 354.8c-7.8 7.8-20.5 7.8-28.3 0L17.2 226.1C4.6 213.5 13.5 192 31.3 192z\\&quot;&gt;&lt;\\\/path&gt;&lt;\\\/svg&gt;&quot;,&quot;library&quot;:&quot;fa-solid&quot;},&quot;toggle&quot;:&quot;burger&quot;}\" data-widget_type=\"nav-menu.default\">\n\t\t\t\t<div class=\"elementor-widget-container\">\n\t\t\t\t\t\t\t\t<nav aria-label=\"Menu\" class=\"elementor-nav-menu--main elementor-nav-menu__container elementor-nav-menu--layout-horizontal e--pointer-underline e--animation-fade\">\n\t\t\t\t<ul id=\"menu-1-4b1feb2\" class=\"elementor-nav-menu\"><li class=\"menu-item menu-item-type-post_type menu-item-object-page menu-item-home menu-item-38\"><a href=\"https:\/\/ipet1.neuquen.edu.ar\/\" class=\"elementor-item menu-link\">INICIO<\/a><\/li>\n<li class=\"menu-item menu-item-type-post_type menu-item-object-page menu-item-has-children menu-item-36\"><a aria-expanded=\"false\" href=\"https:\/\/ipet1.neuquen.edu.ar\/?page_id=31\" class=\"elementor-item menu-link\">INSTITUCIONAL<span role=\"application\" class=\"dropdown-menu-toggle ast-header-navigation-arrow\" tabindex=\"0\" aria-expanded=\"false\" aria-label=\"Alternar men\u00fa\" ><\/span><\/a>\n<ul class=\"sub-menu elementor-nav-menu--dropdown\">\n\t<li class=\"menu-item menu-item-type-post_type menu-item-object-page menu-item-556\"><a href=\"https:\/\/ipet1.neuquen.edu.ar\/?page_id=436\" class=\"elementor-sub-item menu-link\">AUTORIDADES<\/a><\/li>\n\t<li class=\"menu-item menu-item-type-post_type menu-item-object-page menu-item-603\"><a href=\"https:\/\/ipet1.neuquen.edu.ar\/?page_id=482\" class=\"elementor-sub-item menu-link\">NORMATIVAS<\/a><\/li>\n<\/ul>\n<\/li>\n<li class=\"menu-item menu-item-type-post_type menu-item-object-page menu-item-90\"><a href=\"https:\/\/ipet1.neuquen.edu.ar\/?page_id=87\" class=\"elementor-item menu-link\">PROPUESTA ACAD\u00c9MICA<\/a><\/li>\n<li class=\"menu-item menu-item-type-custom menu-item-object-custom menu-item-102\"><a href=\"https:\/\/lazos.neuquen.edu.ar\/login\/index.php\" class=\"elementor-item menu-link\">LAZOS<\/a><\/li>\n<li class=\"menu-item menu-item-type-post_type menu-item-object-page menu-item-35\"><a href=\"https:\/\/ipet1.neuquen.edu.ar\/?page_id=33\" class=\"elementor-item menu-link\">CONTACTO<\/a><\/li>\n<\/ul>\t\t\t<\/nav>\n\t\t\t\t\t<div class=\"elementor-menu-toggle\" role=\"button\" tabindex=\"0\" aria-label=\"Menu Toggle\" aria-expanded=\"false\">\n\t\t\t<svg aria-hidden=\"true\" role=\"presentation\" class=\"elementor-menu-toggle__icon--open e-font-icon-svg e-eicon-menu-bar\" viewBox=\"0 0 1000 1000\" xmlns=\"http:\/\/www.w3.org\/2000\/svg\"><path d=\"M104 333H896C929 333 958 304 958 271S929 208 896 208H104C71 208 42 237 42 271S71 333 104 333ZM104 583H896C929 583 958 554 958 521S929 458 896 458H104C71 458 42 487 42 521S71 583 104 583ZM104 833H896C929 833 958 804 958 771S929 708 896 708H104C71 708 42 737 42 771S71 833 104 833Z\"><\/path><\/svg><svg aria-hidden=\"true\" role=\"presentation\" class=\"elementor-menu-toggle__icon--close e-font-icon-svg e-eicon-close\" viewBox=\"0 0 1000 1000\" xmlns=\"http:\/\/www.w3.org\/2000\/svg\"><path d=\"M742 167L500 408 258 167C246 154 233 150 217 150 196 150 179 158 167 167 154 179 150 196 150 212 150 229 154 242 171 254L408 500 167 742C138 771 138 800 167 829 196 858 225 858 254 829L496 587 738 829C750 842 767 846 783 846 800 846 817 842 829 829 842 817 846 804 846 783 846 767 842 750 829 737L588 500 833 258C863 229 863 200 833 171 804 137 775 137 742 167Z\"><\/path><\/svg>\t\t<\/div>\n\t\t\t\t\t<nav class=\"elementor-nav-menu--dropdown elementor-nav-menu__container\" aria-hidden=\"true\">\n\t\t\t\t<ul id=\"menu-2-4b1feb2\" class=\"elementor-nav-menu\"><li class=\"menu-item menu-item-type-post_type menu-item-object-page menu-item-home menu-item-38\"><a href=\"https:\/\/ipet1.neuquen.edu.ar\/\" class=\"elementor-item menu-link\" tabindex=\"-1\">INICIO<\/a><\/li>\n<li class=\"menu-item menu-item-type-post_type menu-item-object-page menu-item-has-children menu-item-36\"><a aria-expanded=\"false\" href=\"https:\/\/ipet1.neuquen.edu.ar\/?page_id=31\" class=\"elementor-item menu-link\" tabindex=\"-1\">INSTITUCIONAL<span role=\"application\" class=\"dropdown-menu-toggle ast-header-navigation-arrow\" tabindex=\"0\" aria-expanded=\"false\" aria-label=\"Alternar men\u00fa\" ><\/span><\/a>\n<ul class=\"sub-menu elementor-nav-menu--dropdown\">\n\t<li class=\"menu-item menu-item-type-post_type menu-item-object-page menu-item-556\"><a href=\"https:\/\/ipet1.neuquen.edu.ar\/?page_id=436\" class=\"elementor-sub-item menu-link\" tabindex=\"-1\">AUTORIDADES<\/a><\/li>\n\t<li class=\"menu-item menu-item-type-post_type menu-item-object-page menu-item-603\"><a href=\"https:\/\/ipet1.neuquen.edu.ar\/?page_id=482\" class=\"elementor-sub-item menu-link\" tabindex=\"-1\">NORMATIVAS<\/a><\/li>\n<\/ul>\n<\/li>\n<li class=\"menu-item menu-item-type-post_type menu-item-object-page menu-item-90\"><a href=\"https:\/\/ipet1.neuquen.edu.ar\/?page_id=87\" class=\"elementor-item menu-link\" tabindex=\"-1\">PROPUESTA ACAD\u00c9MICA<\/a><\/li>\n<li class=\"menu-item menu-item-type-custom menu-item-object-custom menu-item-102\"><a href=\"https:\/\/lazos.neuquen.edu.ar\/login\/index.php\" class=\"elementor-item menu-link\" tabindex=\"-1\">LAZOS<\/a><\/li>\n<li class=\"menu-item menu-item-type-post_type menu-item-object-page menu-item-35\"><a href=\"https:\/\/ipet1.neuquen.edu.ar\/?page_id=33\" class=\"elementor-item menu-link\" tabindex=\"-1\">CONTACTO<\/a><\/li>\n<\/ul>\t\t\t<\/nav>\n\t\t\t\t\t\t<\/div>\n\t\t\t\t<\/div>\n\t\t\t\t<\/div>\n\t\t\t\t\t<\/div>\n\t\t\t\t<\/div>\n\t\t<div class=\"elementor-element elementor-element-74a7e5d e-flex e-con-boxed e-con e-parent\" data-id=\"74a7e5d\" data-element_type=\"container\" data-e-type=\"container\">\n\t\t\t\t\t<div class=\"e-con-inner\">\n\t\t\t\t\t<\/div>\n\t\t\t\t<\/div>\n\t\t<div class=\"elementor-element elementor-element-0eabba9 e-flex e-con-boxed e-con e-parent\" data-id=\"0eabba9\" data-element_type=\"container\" data-e-type=\"container\">\n\t\t\t\t\t<div class=\"e-con-inner\">\n\t\t\t\t<div class=\"elementor-element elementor-element-fe2d5b9 elementor-widget__width-initial elementor-widget elementor-widget-text-editor\" data-id=\"fe2d5b9\" data-element_type=\"widget\" data-e-type=\"widget\" data-widget_type=\"text-editor.default\">\n\t\t\t\t<div class=\"elementor-widget-container\">\n\t\t\t\t\t\t\t\t\t<div style=\"font-size: 11.0pt; font-family: 'Calibri',sans-serif; margin: 0cm 0cm 8.0pt 0cm;\">\n<p style=\"text-align: center;\"><strong><span style=\"font-size: 48px; font-family: Calibri, sans-serif; color: #41a85f;\">\u00bfQui\u00e9nes somos?<\/span><\/strong><\/p>\n\n<\/div>\t\t\t\t\t\t\t\t<\/div>\n\t\t\t\t<\/div>\n\t\t\t\t\t<\/div>\n\t\t\t\t<\/div>\n\t\t<div class=\"elementor-element elementor-element-80b4420 e-flex e-con-boxed e-con e-parent\" data-id=\"80b4420\" data-element_type=\"container\" data-e-type=\"container\">\n\t\t\t\t\t<div class=\"e-con-inner\">\n\t\t\t\t\t<\/div>\n\t\t\t\t<\/div>\n\t\t<div class=\"elementor-element elementor-element-de92246 e-flex e-con-boxed e-con e-parent\" data-id=\"de92246\" data-element_type=\"container\" data-e-type=\"container\">\n\t\t\t\t\t<div class=\"e-con-inner\">\n\t\t<div class=\"elementor-element elementor-element-8bd590c e-con-full e-flex e-con e-child\" data-id=\"8bd590c\" data-element_type=\"container\" data-e-type=\"container\">\n\t\t<div class=\"elementor-element elementor-element-84879c1 e-con-full e-flex e-con e-child\" data-id=\"84879c1\" data-element_type=\"container\" data-e-type=\"container\">\n\t\t\t\t<div class=\"elementor-element elementor-element-87f86b1 elementor-widget elementor-widget-text-editor\" data-id=\"87f86b1\" data-element_type=\"widget\" data-e-type=\"widget\" data-widget_type=\"text-editor.default\">\n\t\t\t\t<div class=\"elementor-widget-container\">\n\t\t\t\t\t\t\t\t\t<p style=\"font-size: 11.0pt; font-family: 'Calibri',sans-serif; margin: 0cm 0cm .0001pt 0cm; text-align: justify;\"><span style=\"color: #28324e; font-size: 20px;\">Somos el <strong>IPET<\/strong>, la \u00fanica instituci\u00f3n <strong><span style=\"background-color: #90ee90;\">p\u00fablica y gratuita<\/span><\/strong> de nivel terciario en <strong>Neuqu\u00e9n<\/strong>, un espacio donde la educaci\u00f3n se vive con compromiso, innovaci\u00f3n y una fuerte conexi\u00f3n con la comunidad.<\/span><\/p><p style=\"font-size: 11.0pt; font-family: 'Calibri',sans-serif; margin: 0cm 0cm .0001pt 0cm; text-align: justify;\"><span style=\"color: #28324e; font-size: 20px;\">No solo formamos profesionales, <strong>formamos personas con capacidad cr\u00edtica, vocaci\u00f3n y herramientas para transformar su realidad<\/strong>. Creemos en la educaci\u00f3n como un motor de cambio y en el conocimiento como una puerta hacia nuevas oportunidades.<\/span><\/p>\t\t\t\t\t\t\t\t<\/div>\n\t\t\t\t<\/div>\n\t\t\t\t<\/div>\n\t\t<div class=\"elementor-element elementor-element-85f1d50 e-con-full e-flex e-con e-child\" data-id=\"85f1d50\" data-element_type=\"container\" data-e-type=\"container\">\n\t\t\t\t<div class=\"elementor-element elementor-element-1af4483 elementor-widget elementor-widget-text-editor\" data-id=\"1af4483\" data-element_type=\"widget\" data-e-type=\"widget\" data-widget_type=\"text-editor.default\">\n\t\t\t\t<div class=\"elementor-widget-container\">\n\t\t\t\t\t\t\t\t\t<p style='margin-right:0cm;margin-left:0cm;font-size:16px;font-family:\"Calibri\",sans-serif;margin-top:0cm;margin-bottom:.0001pt;font-size:11.0pt;margin:0cm;text-align:justify;'><span style=\"font-size: 20px; color: rgb(40, 50, 78);\">Nos define la pr&aacute;ctica, el aprendizaje en acci&oacute;n y la convicci&oacute;n de que cada estudiante que pasa por nuestras aulas lleva consigo no solo conocimientos t&eacute;cnicos, sino tambi&eacute;n valores como la equidad, la inclusi&oacute;n y la solidaridad.<\/span><\/p>\n<p style='margin-right:0cm;margin-left:0cm;font-size:16px;font-family:\"Calibri\",sans-serif;margin-top:0cm;margin-bottom:.0001pt;font-size:11.0pt;margin:0cm;text-align:justify;'><span style=\"font-size: 20px; color: rgb(40, 50, 78);\">Estamos en constante evoluci&oacute;n, construyendo redes con municipios, organizaciones y sectores productivos para que nuestra ense&ntilde;anza tenga un impacto real y tangible.<\/span><\/p>\n<p style='margin-right:0cm;margin-left:0cm;font-size:16px;font-family:\"Calibri\",sans-serif;margin-top:0cm;margin-bottom:.0001pt;font-size:11.0pt;margin:0cm;text-align:justify;'><strong><span style=\"font-size: 20px;\"><span style=\"color: rgb(40, 50, 78);\">Somos m&aacute;s que una instituci&oacute;n educativa. Somos una comunidad que apuesta por el futuro, por el trabajo <\/span><span style=\"background-color: rgb(144, 238, 144); color: rgb(40, 50, 78);\">colaborativo<\/span><span style=\"color: rgb(40, 50, 78);\"> y por el <\/span><span style=\"background-color: rgb(144, 238, 144); color: rgb(40, 50, 78);\">crecimiento<\/span><span style=\"color: rgb(40, 50, 78);\"> de cada estudiante.<\/span><\/span><\/strong><\/p>\t\t\t\t\t\t\t\t<\/div>\n\t\t\t\t<\/div>\n\t\t\t\t<\/div>\n\t\t\t\t<\/div>\n\t\t\t\t\t<\/div>\n\t\t\t\t<\/div>\n\t\t<div class=\"elementor-element elementor-element-4564c17 e-flex e-con-boxed e-con e-parent\" data-id=\"4564c17\" data-element_type=\"container\" data-e-type=\"container\">\n\t\t\t\t\t<div class=\"e-con-inner\">\n\t\t\t\t\t<\/div>\n\t\t\t\t<\/div>\n\t\t<div class=\"elementor-element elementor-element-c14efeb e-flex e-con-boxed e-con e-parent\" data-id=\"c14efeb\" data-element_type=\"container\" data-e-type=\"container\">\n\t\t\t\t\t<div class=\"e-con-inner\">\n\t\t\t\t<div class=\"elementor-element elementor-element-eca038f elementor-widget-divider--separator-type-pattern elementor-widget-divider--no-spacing elementor-widget-divider--view-line elementor-widget elementor-widget-divider\" data-id=\"eca038f\" data-element_type=\"widget\" data-e-type=\"widget\" data-widget_type=\"divider.default\">\n\t\t\t\t<div class=\"elementor-widget-container\">\n\t\t\t\t\t\t\t<div class=\"elementor-divider\" style=\"--divider-pattern-url: url(&quot;data:image\/svg+xml,%3Csvg xmlns=&#039;http:\/\/www.w3.org\/2000\/svg&#039; preserveAspectRatio=&#039;xMidYMid meet&#039; overflow=&#039;visible&#039; height=&#039;100%&#039; viewBox=&#039;0 0 120 26&#039; fill=&#039;black&#039; stroke=&#039;none&#039;%3E%3Cpath d=&#039;M11.9,15.9L11.9,15.9L0,16c-0.2-3.7,1.5-5.7,4.9-6C10,9.6,12.4,14.2,11.9,15.9zM26.9,15.9L26.9,15.9L15,16c0.5-3.7,2.5-5.7,5.9-6C26,9.6,27.4,14.2,26.9,15.9z M37.1,10c3.4,0.3,5.1,2.3,4.9,6H30.1C29.5,14.4,31.9,9.6,37.1,10z M57,15.9L57,15.9L45,16c0-3.4,1.6-5.4,4.9-5.9C54.8,9.3,57.4,14.2,57,15.9z M71.9,15.9L71.9,15.9L60,16c-0.2-3.7,1.5-5.7,4.9-6C70,9.6,72.4,14.2,71.9,15.9z M82.2,10c3.4,0.3,5,2.3,4.8,6H75.3C74,13,77.1,9.6,82.2,10zM101.9,15.9L101.9,15.9L90,16c-0.2-3.7,1.5-5.7,4.9-6C100,9.6,102.4,14.2,101.9,15.9z M112.1,10.1c2.7,0.5,4.3,2.5,4.9,5.9h-11.9l0,0C104.5,14.4,108,9.3,112.1,10.1z&#039;\/%3E%3C\/svg%3E&quot;);\">\n\t\t\t<span class=\"elementor-divider-separator\">\n\t\t\t\t\t\t<\/span>\n\t\t<\/div>\n\t\t\t\t\t\t<\/div>\n\t\t\t\t<\/div>\n\t\t\t\t\t<\/div>\n\t\t\t\t<\/div>\n\t\t\t\t<\/div>\n\t\t","protected":false},"excerpt":{"rendered":"<p>\u00bfQui\u00e9nes somos? Somos el IPET, la \u00fanica instituci\u00f3n p\u00fablica y gratuita de nivel terciario en Neuqu\u00e9n, un espacio donde la [&hellip;]<\/p>\n","protected":false},"author":1,"featured_media":0,"parent":0,"menu_order":0,"comment_status":"closed","ping_status":"closed","template":"","meta":{"site-sidebar-layout":"no-sidebar","site-content-layout":"","ast-site-content-layout":"full-width-container","site-content-style":"default","site-sidebar-style":"default","ast-global-header-display":"","ast-banner-title-visibility":"","ast-main-header-display":"","ast-hfb-above-header-display":"","ast-hfb-below-header-display":"","ast-hfb-mobile-header-display":"","site-post-title":"disabled","ast-breadcrumbs-content":"","ast-featured-img":"disabled","footer-sml-layout":"","theme-transparent-header-meta":"","adv-header-id-meta":"","stick-header-meta":"","header-above-stick-meta":"","header-main-stick-meta":"","header-below-stick-meta":"","astra-migrate-meta-layouts":"default","ast-page-background-enabled":"default","ast-page-background-meta":{"desktop":{"background-color":"var(--ast-global-color-4)","background-image":"","background-repeat":"repeat","background-position":"center center","background-size":"auto","background-attachment":"scroll","background-type":"","background-media":"","overlay-type":"","overlay-color":"","overlay-opacity":"","overlay-gradient":""},"tablet":{"background-color":"","background-image":"","background-repeat":"repeat","background-position":"center center","background-size":"auto","background-attachment":"scroll","background-type":"","background-media":"","overlay-type":"","overlay-color":"","overlay-opacity":"","overlay-gradient":""},"mobile":{"background-color":"","background-image":"","background-repeat":"repeat","background-position":"center center","background-size":"auto","background-attachment":"scroll","background-type":"","background-media":"","overlay-type":"","overlay-color":"","overlay-opacity":"","overlay-gradient":""}},"ast-content-background-meta":{"desktop":{"background-color":"var(--ast-global-color-5)","background-image":"","background-repeat":"repeat","background-position":"center center","background-size":"auto","background-attachment":"scroll","background-type":"","background-media":"","overlay-type":"","overlay-color":"","overlay-opacity":"","overlay-gradient":""},"tablet":{"background-color":"var(--ast-global-color-5)","background-image":"","background-repeat":"repeat","background-position":"center center","background-size":"auto","background-attachment":"scroll","background-type":"","background-media":"","overlay-type":"","overlay-color":"","overlay-opacity":"","overlay-gradient":""},"mobile":{"background-color":"var(--ast-global-color-5)","background-image":"","background-repeat":"repeat","background-position":"center center","background-size":"auto","background-attachment":"scroll","background-type":"","background-media":"","overlay-type":"","overlay-color":"","overlay-opacity":"","overlay-gradient":""}},"footnotes":""},"class_list":["post-31","page","type-page","status-publish","hentry"],"_links":{"self":[{"href":"https:\/\/ipet1.neuquen.edu.ar\/index.php?rest_route=\/wp\/v2\/pages\/31","targetHints":{"allow":["GET"]}}],"collection":[{"href":"https:\/\/ipet1.neuquen.edu.ar\/index.php?rest_route=\/wp\/v2\/pages"}],"about":[{"href":"https:\/\/ipet1.neuquen.edu.ar\/index.php?rest_route=\/wp\/v2\/types\/page"}],"author":[{"embeddable":true,"href":"https:\/\/ipet1.neuquen.edu.ar\/index.php?rest_route=\/wp\/v2\/users\/1"}],"replies":[{"embeddable":true,"href":"https:\/\/ipet1.neuquen.edu.ar\/index.php?rest_route=%2Fwp%2Fv2%2Fcomments&post=31"}],"version-history":[{"count":7,"href":"https:\/\/ipet1.neuquen.edu.ar\/index.php?rest_route=\/wp\/v2\/pages\/31\/revisions"}],"predecessor-version":[{"id":727,"href":"https:\/\/ipet1.neuquen.edu.ar\/index.php?rest_route=\/wp\/v2\/pages\/31\/revisions\/727"}],"wp:attachment":[{"href":"https:\/\/ipet1.neuquen.edu.ar\/index.php?rest_route=%2Fwp%2Fv2%2Fmedia&parent=31"}],"curies":[{"name":"wp","href":"https:\/\/api.w.org\/{rel}","templated":true}]}}