{"id":87,"date":"2024-11-13T18:46:30","date_gmt":"2024-11-13T21:46:30","guid":{"rendered":"https:\/\/ipet1.neuquen.edu.ar\/?page_id=87"},"modified":"2025-09-24T19:30:48","modified_gmt":"2025-09-24T22:30:48","slug":"propuesta-academica","status":"publish","type":"page","link":"https:\/\/ipet1.neuquen.edu.ar\/?page_id=87","title":{"rendered":"PROPUESTA ACAD\u00c9MICA"},"content":{"rendered":"\t\t<div data-elementor-type=\"wp-page\" data-elementor-id=\"87\" class=\"elementor elementor-87\" data-elementor-post-type=\"page\">\n\t\t\t\t<div class=\"elementor-element elementor-element-d2a128d e-flex e-con-boxed e-con e-parent\" data-id=\"d2a128d\" data-element_type=\"container\" data-e-type=\"container\">\n\t\t\t\t\t<div class=\"e-con-inner\">\n\t\t<div class=\"elementor-element elementor-element-94721e5 e-con-full e-flex e-con e-child\" data-id=\"94721e5\" data-element_type=\"container\" data-e-type=\"container\">\n\t\t\t\t<div class=\"elementor-element elementor-element-970e0e8 elementor-nav-menu--dropdown-tablet elementor-nav-menu__text-align-aside elementor-nav-menu--toggle elementor-nav-menu--burger elementor-widget elementor-widget-nav-menu\" data-id=\"970e0e8\" data-element_type=\"widget\" data-e-type=\"widget\" data-settings=\"{&quot;layout&quot;:&quot;horizontal&quot;,&quot;submenu_icon&quot;:{&quot;value&quot;:&quot;&lt;svg class=\\&quot;e-font-icon-svg e-fas-caret-down\\&quot; viewBox=\\&quot;0 0 320 512\\&quot; xmlns=\\&quot;http:\\\/\\\/www.w3.org\\\/2000\\\/svg\\&quot;&gt;&lt;path d=\\&quot;M31.3 192h257.3c17.8 0 26.7 21.5 14.1 34.1L174.1 354.8c-7.8 7.8-20.5 7.8-28.3 0L17.2 226.1C4.6 213.5 13.5 192 31.3 192z\\&quot;&gt;&lt;\\\/path&gt;&lt;\\\/svg&gt;&quot;,&quot;library&quot;:&quot;fa-solid&quot;},&quot;toggle&quot;:&quot;burger&quot;}\" data-widget_type=\"nav-menu.default\">\n\t\t\t\t<div class=\"elementor-widget-container\">\n\t\t\t\t\t\t\t\t<nav aria-label=\"Menu\" class=\"elementor-nav-menu--main elementor-nav-menu__container elementor-nav-menu--layout-horizontal e--pointer-underline e--animation-fade\">\n\t\t\t\t<ul id=\"menu-1-970e0e8\" class=\"elementor-nav-menu\"><li class=\"menu-item menu-item-type-post_type menu-item-object-page menu-item-home menu-item-38\"><a href=\"https:\/\/ipet1.neuquen.edu.ar\/\" class=\"elementor-item menu-link\">INICIO<\/a><\/li>\n<li class=\"menu-item menu-item-type-post_type menu-item-object-page menu-item-has-children menu-item-36\"><a aria-expanded=\"false\" href=\"https:\/\/ipet1.neuquen.edu.ar\/?page_id=31\" class=\"elementor-item menu-link\">INSTITUCIONAL<span role=\"application\" class=\"dropdown-menu-toggle ast-header-navigation-arrow\" tabindex=\"0\" aria-expanded=\"false\" aria-label=\"Alternar men\u00fa\" ><\/span><\/a>\n<ul class=\"sub-menu elementor-nav-menu--dropdown\">\n\t<li class=\"menu-item menu-item-type-post_type menu-item-object-page menu-item-556\"><a href=\"https:\/\/ipet1.neuquen.edu.ar\/?page_id=436\" class=\"elementor-sub-item menu-link\">AUTORIDADES<\/a><\/li>\n\t<li class=\"menu-item menu-item-type-post_type menu-item-object-page menu-item-603\"><a href=\"https:\/\/ipet1.neuquen.edu.ar\/?page_id=482\" class=\"elementor-sub-item menu-link\">NORMATIVAS<\/a><\/li>\n<\/ul>\n<\/li>\n<li class=\"menu-item menu-item-type-post_type menu-item-object-page menu-item-90\"><a href=\"https:\/\/ipet1.neuquen.edu.ar\/?page_id=87\" class=\"elementor-item menu-link\">PROPUESTA ACAD\u00c9MICA<\/a><\/li>\n<li class=\"menu-item menu-item-type-custom menu-item-object-custom menu-item-102\"><a href=\"https:\/\/lazos.neuquen.edu.ar\/login\/index.php\" class=\"elementor-item menu-link\">LAZOS<\/a><\/li>\n<li class=\"menu-item menu-item-type-post_type menu-item-object-page menu-item-35\"><a href=\"https:\/\/ipet1.neuquen.edu.ar\/?page_id=33\" class=\"elementor-item menu-link\">CONTACTO<\/a><\/li>\n<\/ul>\t\t\t<\/nav>\n\t\t\t\t\t<div class=\"elementor-menu-toggle\" role=\"button\" tabindex=\"0\" aria-label=\"Menu Toggle\" aria-expanded=\"false\">\n\t\t\t<svg aria-hidden=\"true\" role=\"presentation\" class=\"elementor-menu-toggle__icon--open e-font-icon-svg e-eicon-menu-bar\" viewBox=\"0 0 1000 1000\" xmlns=\"http:\/\/www.w3.org\/2000\/svg\"><path d=\"M104 333H896C929 333 958 304 958 271S929 208 896 208H104C71 208 42 237 42 271S71 333 104 333ZM104 583H896C929 583 958 554 958 521S929 458 896 458H104C71 458 42 487 42 521S71 583 104 583ZM104 833H896C929 833 958 804 958 771S929 708 896 708H104C71 708 42 737 42 771S71 833 104 833Z\"><\/path><\/svg><svg aria-hidden=\"true\" role=\"presentation\" class=\"elementor-menu-toggle__icon--close e-font-icon-svg e-eicon-close\" viewBox=\"0 0 1000 1000\" xmlns=\"http:\/\/www.w3.org\/2000\/svg\"><path d=\"M742 167L500 408 258 167C246 154 233 150 217 150 196 150 179 158 167 167 154 179 150 196 150 212 150 229 154 242 171 254L408 500 167 742C138 771 138 800 167 829 196 858 225 858 254 829L496 587 738 829C750 842 767 846 783 846 800 846 817 842 829 829 842 817 846 804 846 783 846 767 842 750 829 737L588 500 833 258C863 229 863 200 833 171 804 137 775 137 742 167Z\"><\/path><\/svg>\t\t<\/div>\n\t\t\t\t\t<nav class=\"elementor-nav-menu--dropdown elementor-nav-menu__container\" aria-hidden=\"true\">\n\t\t\t\t<ul id=\"menu-2-970e0e8\" class=\"elementor-nav-menu\"><li class=\"menu-item menu-item-type-post_type menu-item-object-page menu-item-home menu-item-38\"><a href=\"https:\/\/ipet1.neuquen.edu.ar\/\" class=\"elementor-item menu-link\" tabindex=\"-1\">INICIO<\/a><\/li>\n<li class=\"menu-item menu-item-type-post_type menu-item-object-page menu-item-has-children menu-item-36\"><a aria-expanded=\"false\" href=\"https:\/\/ipet1.neuquen.edu.ar\/?page_id=31\" class=\"elementor-item menu-link\" tabindex=\"-1\">INSTITUCIONAL<span role=\"application\" class=\"dropdown-menu-toggle ast-header-navigation-arrow\" tabindex=\"0\" aria-expanded=\"false\" aria-label=\"Alternar men\u00fa\" ><\/span><\/a>\n<ul class=\"sub-menu elementor-nav-menu--dropdown\">\n\t<li class=\"menu-item menu-item-type-post_type menu-item-object-page menu-item-556\"><a href=\"https:\/\/ipet1.neuquen.edu.ar\/?page_id=436\" class=\"elementor-sub-item menu-link\" tabindex=\"-1\">AUTORIDADES<\/a><\/li>\n\t<li class=\"menu-item menu-item-type-post_type menu-item-object-page menu-item-603\"><a href=\"https:\/\/ipet1.neuquen.edu.ar\/?page_id=482\" class=\"elementor-sub-item menu-link\" tabindex=\"-1\">NORMATIVAS<\/a><\/li>\n<\/ul>\n<\/li>\n<li class=\"menu-item menu-item-type-post_type menu-item-object-page menu-item-90\"><a href=\"https:\/\/ipet1.neuquen.edu.ar\/?page_id=87\" class=\"elementor-item menu-link\" tabindex=\"-1\">PROPUESTA ACAD\u00c9MICA<\/a><\/li>\n<li class=\"menu-item menu-item-type-custom menu-item-object-custom menu-item-102\"><a href=\"https:\/\/lazos.neuquen.edu.ar\/login\/index.php\" class=\"elementor-item menu-link\" tabindex=\"-1\">LAZOS<\/a><\/li>\n<li class=\"menu-item menu-item-type-post_type menu-item-object-page menu-item-35\"><a href=\"https:\/\/ipet1.neuquen.edu.ar\/?page_id=33\" class=\"elementor-item menu-link\" tabindex=\"-1\">CONTACTO<\/a><\/li>\n<\/ul>\t\t\t<\/nav>\n\t\t\t\t\t\t<\/div>\n\t\t\t\t<\/div>\n\t\t\t\t<\/div>\n\t\t\t\t\t<\/div>\n\t\t\t\t<\/div>\n\t\t<div class=\"elementor-element elementor-element-206939f e-flex e-con-boxed e-con e-parent\" data-id=\"206939f\" data-element_type=\"container\" data-e-type=\"container\">\n\t\t\t\t\t<div class=\"e-con-inner\">\n\t\t\t\t<div class=\"elementor-element elementor-element-faa432c elementor-widget elementor-widget-image\" data-id=\"faa432c\" data-element_type=\"widget\" data-e-type=\"widget\" data-widget_type=\"image.default\">\n\t\t\t\t<div class=\"elementor-widget-container\">\n\t\t\t\t\t\t\t\t\t\t\t\t\t\t\t<img fetchpriority=\"high\" decoding=\"async\" width=\"1024\" height=\"102\" src=\"https:\/\/ipet1.neuquen.edu.ar\/wp-content\/uploads\/2024\/11\/PRESENTACION-8-1024x102.png\" class=\"attachment-large size-large wp-image-91\" alt=\"\" srcset=\"https:\/\/ipet1.neuquen.edu.ar\/wp-content\/uploads\/2024\/11\/PRESENTACION-8-1024x102.png 1024w, https:\/\/ipet1.neuquen.edu.ar\/wp-content\/uploads\/2024\/11\/PRESENTACION-8-300x30.png 300w, https:\/\/ipet1.neuquen.edu.ar\/wp-content\/uploads\/2024\/11\/PRESENTACION-8-768x77.png 768w, https:\/\/ipet1.neuquen.edu.ar\/wp-content\/uploads\/2024\/11\/PRESENTACION-8-1536x154.png 1536w, https:\/\/ipet1.neuquen.edu.ar\/wp-content\/uploads\/2024\/11\/PRESENTACION-8.png 2000w\" sizes=\"(max-width: 1024px) 100vw, 1024px\" \/>\t\t\t\t\t\t\t\t\t\t\t\t\t\t\t<\/div>\n\t\t\t\t<\/div>\n\t\t\t\t\t<\/div>\n\t\t\t\t<\/div>\n\t\t<div class=\"elementor-element elementor-element-49cf0aa e-flex e-con-boxed e-con e-parent\" data-id=\"49cf0aa\" data-element_type=\"container\" data-e-type=\"container\">\n\t\t\t\t\t<div class=\"e-con-inner\">\n\t\t\t\t<div class=\"elementor-element elementor-element-afc57de elementor-widget-divider--view-line elementor-widget elementor-widget-divider\" data-id=\"afc57de\" data-element_type=\"widget\" data-e-type=\"widget\" data-widget_type=\"divider.default\">\n\t\t\t\t<div class=\"elementor-widget-container\">\n\t\t\t\t\t\t\t<div class=\"elementor-divider\">\n\t\t\t<span class=\"elementor-divider-separator\">\n\t\t\t\t\t\t<\/span>\n\t\t<\/div>\n\t\t\t\t\t\t<\/div>\n\t\t\t\t<\/div>\n\t\t\t\t\t<\/div>\n\t\t\t\t<\/div>\n\t\t<div class=\"elementor-element elementor-element-74151fc e-flex e-con-boxed e-con e-parent\" data-id=\"74151fc\" data-element_type=\"container\" data-e-type=\"container\">\n\t\t\t\t\t<div class=\"e-con-inner\">\n\t\t\t\t<div class=\"elementor-element elementor-element-1908252 elementor-widget elementor-widget-spacer\" data-id=\"1908252\" data-element_type=\"widget\" data-e-type=\"widget\" data-widget_type=\"spacer.default\">\n\t\t\t\t<div class=\"elementor-widget-container\">\n\t\t\t\t\t\t\t<div class=\"elementor-spacer\">\n\t\t\t<div class=\"elementor-spacer-inner\"><\/div>\n\t\t<\/div>\n\t\t\t\t\t\t<\/div>\n\t\t\t\t<\/div>\n\t\t\t\t\t<\/div>\n\t\t\t\t<\/div>\n\t\t<div class=\"elementor-element elementor-element-1618109 e-flex e-con-boxed e-con e-parent\" data-id=\"1618109\" data-element_type=\"container\" data-e-type=\"container\">\n\t\t\t\t\t<div class=\"e-con-inner\">\n\t\t<div class=\"elementor-element elementor-element-548c9db e-con-full e-flex e-con e-child\" data-id=\"548c9db\" data-element_type=\"container\" data-e-type=\"container\" data-settings=\"{&quot;background_background&quot;:&quot;gradient&quot;}\">\n\t\t\t\t<div class=\"elementor-element elementor-element-27e3c09 e-transform elementor-widget elementor-widget-image\" data-id=\"27e3c09\" data-element_type=\"widget\" data-e-type=\"widget\" data-settings=\"{&quot;_animation&quot;:&quot;none&quot;,&quot;_transform_rotateZ_effect&quot;:{&quot;unit&quot;:&quot;px&quot;,&quot;size&quot;:&quot;&quot;,&quot;sizes&quot;:[]},&quot;_transform_rotateZ_effect_tablet&quot;:{&quot;unit&quot;:&quot;deg&quot;,&quot;size&quot;:&quot;&quot;,&quot;sizes&quot;:[]},&quot;_transform_rotateZ_effect_mobile&quot;:{&quot;unit&quot;:&quot;deg&quot;,&quot;size&quot;:&quot;&quot;,&quot;sizes&quot;:[]}}\" data-widget_type=\"image.default\">\n\t\t\t\t<div class=\"elementor-widget-container\">\n\t\t\t\t\t\t\t\t\t\t\t\t\t\t\t<img decoding=\"async\" width=\"709\" height=\"1024\" src=\"https:\/\/ipet1.neuquen.edu.ar\/wp-content\/uploads\/2024\/11\/Tec.-Sup.-Analista-Administrativo-Contable-Modalidad-Presencial-Duracion-4-anos-4-709x1024.png\" class=\"attachment-large size-large wp-image-108\" alt=\"\" srcset=\"https:\/\/ipet1.neuquen.edu.ar\/wp-content\/uploads\/2024\/11\/Tec.-Sup.-Analista-Administrativo-Contable-Modalidad-Presencial-Duracion-4-anos-4-709x1024.png 709w, https:\/\/ipet1.neuquen.edu.ar\/wp-content\/uploads\/2024\/11\/Tec.-Sup.-Analista-Administrativo-Contable-Modalidad-Presencial-Duracion-4-anos-4-208x300.png 208w, https:\/\/ipet1.neuquen.edu.ar\/wp-content\/uploads\/2024\/11\/Tec.-Sup.-Analista-Administrativo-Contable-Modalidad-Presencial-Duracion-4-anos-4-768x1109.png 768w, https:\/\/ipet1.neuquen.edu.ar\/wp-content\/uploads\/2024\/11\/Tec.-Sup.-Analista-Administrativo-Contable-Modalidad-Presencial-Duracion-4-anos-4.png 1063w\" sizes=\"(max-width: 709px) 100vw, 709px\" \/>\t\t\t\t\t\t\t\t\t\t\t\t\t\t\t<\/div>\n\t\t\t\t<\/div>\n\t\t\t\t<div class=\"elementor-element elementor-element-3d1f052 elementor-align-center elementor-widget elementor-widget-button\" data-id=\"3d1f052\" data-element_type=\"widget\" data-e-type=\"widget\" data-widget_type=\"button.default\">\n\t\t\t\t<div class=\"elementor-widget-container\">\n\t\t\t\t\t\t\t\t\t<div class=\"elementor-button-wrapper\">\n\t\t\t\t\t<a class=\"elementor-button elementor-button-link elementor-size-sm\" href=\"https:\/\/ipet1.neuquen.edu.ar\/?page_id=144&#038;preview=true\" target=\"_blank\">\n\t\t\t\t\t\t<span class=\"elementor-button-content-wrapper\">\n\t\t\t\t\t\t\t\t\t<span class=\"elementor-button-text\">Ver m\u00e1s<\/span>\n\t\t\t\t\t<\/span>\n\t\t\t\t\t<\/a>\n\t\t\t\t<\/div>\n\t\t\t\t\t\t\t\t<\/div>\n\t\t\t\t<\/div>\n\t\t\t\t<\/div>\n\t\t<div class=\"elementor-element elementor-element-3524d0e e-con-full e-flex e-con e-child\" data-id=\"3524d0e\" data-element_type=\"container\" data-e-type=\"container\">\n\t\t\t\t<div class=\"elementor-element elementor-element-8bdbbc9 elementor-widget elementor-widget-image\" data-id=\"8bdbbc9\" data-element_type=\"widget\" data-e-type=\"widget\" data-widget_type=\"image.default\">\n\t\t\t\t<div class=\"elementor-widget-container\">\n\t\t\t\t\t\t\t\t\t\t\t\t\t\t\t<img decoding=\"async\" width=\"709\" height=\"1024\" src=\"https:\/\/ipet1.neuquen.edu.ar\/wp-content\/uploads\/2024\/11\/Tec.-Sup.-Analista-Administrativo-Contable-Modalidad-Presencial-Duracion-4-anos-5-709x1024.png\" class=\"attachment-large size-large wp-image-109\" alt=\"\" srcset=\"https:\/\/ipet1.neuquen.edu.ar\/wp-content\/uploads\/2024\/11\/Tec.-Sup.-Analista-Administrativo-Contable-Modalidad-Presencial-Duracion-4-anos-5-709x1024.png 709w, https:\/\/ipet1.neuquen.edu.ar\/wp-content\/uploads\/2024\/11\/Tec.-Sup.-Analista-Administrativo-Contable-Modalidad-Presencial-Duracion-4-anos-5-208x300.png 208w, https:\/\/ipet1.neuquen.edu.ar\/wp-content\/uploads\/2024\/11\/Tec.-Sup.-Analista-Administrativo-Contable-Modalidad-Presencial-Duracion-4-anos-5-768x1109.png 768w, https:\/\/ipet1.neuquen.edu.ar\/wp-content\/uploads\/2024\/11\/Tec.-Sup.-Analista-Administrativo-Contable-Modalidad-Presencial-Duracion-4-anos-5.png 1063w\" sizes=\"(max-width: 709px) 100vw, 709px\" \/>\t\t\t\t\t\t\t\t\t\t\t\t\t\t\t<\/div>\n\t\t\t\t<\/div>\n\t\t\t\t<div class=\"elementor-element elementor-element-015188a elementor-align-center elementor-widget elementor-widget-button\" data-id=\"015188a\" data-element_type=\"widget\" data-e-type=\"widget\" data-widget_type=\"button.default\">\n\t\t\t\t<div class=\"elementor-widget-container\">\n\t\t\t\t\t\t\t\t\t<div class=\"elementor-button-wrapper\">\n\t\t\t\t\t<a class=\"elementor-button elementor-button-link elementor-size-sm\" href=\"https:\/\/ipet1.neuquen.edu.ar\/?page_id=157\" target=\"_blank\">\n\t\t\t\t\t\t<span class=\"elementor-button-content-wrapper\">\n\t\t\t\t\t\t\t\t\t<span class=\"elementor-button-text\">Ver m\u00e1s<\/span>\n\t\t\t\t\t<\/span>\n\t\t\t\t\t<\/a>\n\t\t\t\t<\/div>\n\t\t\t\t\t\t\t\t<\/div>\n\t\t\t\t<\/div>\n\t\t\t\t<\/div>\n\t\t<div class=\"elementor-element elementor-element-ea80e11 e-con-full e-flex e-con e-child\" data-id=\"ea80e11\" data-element_type=\"container\" data-e-type=\"container\">\n\t\t\t\t<div class=\"elementor-element elementor-element-29f90e9 elementor-widget elementor-widget-image\" data-id=\"29f90e9\" data-element_type=\"widget\" data-e-type=\"widget\" data-widget_type=\"image.default\">\n\t\t\t\t<div class=\"elementor-widget-container\">\n\t\t\t\t\t\t\t\t\t\t\t\t\t\t\t<img loading=\"lazy\" decoding=\"async\" width=\"709\" height=\"1024\" src=\"https:\/\/ipet1.neuquen.edu.ar\/wp-content\/uploads\/2024\/11\/Tec.-Sup.-Analista-Administrativo-Contable-Modalidad-Presencial-Duracion-4-anos-6-709x1024.png\" class=\"attachment-large size-large wp-image-111\" alt=\"\" srcset=\"https:\/\/ipet1.neuquen.edu.ar\/wp-content\/uploads\/2024\/11\/Tec.-Sup.-Analista-Administrativo-Contable-Modalidad-Presencial-Duracion-4-anos-6-709x1024.png 709w, https:\/\/ipet1.neuquen.edu.ar\/wp-content\/uploads\/2024\/11\/Tec.-Sup.-Analista-Administrativo-Contable-Modalidad-Presencial-Duracion-4-anos-6-208x300.png 208w, https:\/\/ipet1.neuquen.edu.ar\/wp-content\/uploads\/2024\/11\/Tec.-Sup.-Analista-Administrativo-Contable-Modalidad-Presencial-Duracion-4-anos-6-768x1109.png 768w, https:\/\/ipet1.neuquen.edu.ar\/wp-content\/uploads\/2024\/11\/Tec.-Sup.-Analista-Administrativo-Contable-Modalidad-Presencial-Duracion-4-anos-6.png 1063w\" sizes=\"(max-width: 709px) 100vw, 709px\" \/>\t\t\t\t\t\t\t\t\t\t\t\t\t\t\t<\/div>\n\t\t\t\t<\/div>\n\t\t\t\t<div class=\"elementor-element elementor-element-2df0acb elementor-align-center elementor-widget elementor-widget-button\" data-id=\"2df0acb\" data-element_type=\"widget\" data-e-type=\"widget\" data-widget_type=\"button.default\">\n\t\t\t\t<div class=\"elementor-widget-container\">\n\t\t\t\t\t\t\t\t\t<div class=\"elementor-button-wrapper\">\n\t\t\t\t\t<a class=\"elementor-button elementor-button-link elementor-size-sm\" href=\"https:\/\/ipet1.neuquen.edu.ar\/?page_id=152\" target=\"_blank\">\n\t\t\t\t\t\t<span class=\"elementor-button-content-wrapper\">\n\t\t\t\t\t\t\t\t\t<span class=\"elementor-button-text\">Ver M\u00e1s<\/span>\n\t\t\t\t\t<\/span>\n\t\t\t\t\t<\/a>\n\t\t\t\t<\/div>\n\t\t\t\t\t\t\t\t<\/div>\n\t\t\t\t<\/div>\n\t\t\t\t<\/div>\n\t\t<div class=\"elementor-element elementor-element-f261e65 e-con-full e-flex e-con e-child\" data-id=\"f261e65\" data-element_type=\"container\" data-e-type=\"container\">\n\t\t\t\t<div class=\"elementor-element elementor-element-0555542 elementor-widget elementor-widget-image\" data-id=\"0555542\" data-element_type=\"widget\" data-e-type=\"widget\" data-widget_type=\"image.default\">\n\t\t\t\t<div class=\"elementor-widget-container\">\n\t\t\t\t\t\t\t\t\t\t\t\t\t\t\t<img loading=\"lazy\" decoding=\"async\" width=\"709\" height=\"1024\" src=\"https:\/\/ipet1.neuquen.edu.ar\/wp-content\/uploads\/2024\/11\/Tec.-Sup.-Analista-Administrativo-Contable-Modalidad-Presencial-Duracion-4-anos-7-709x1024.png\" class=\"attachment-large size-large wp-image-112\" alt=\"\" srcset=\"https:\/\/ipet1.neuquen.edu.ar\/wp-content\/uploads\/2024\/11\/Tec.-Sup.-Analista-Administrativo-Contable-Modalidad-Presencial-Duracion-4-anos-7-709x1024.png 709w, https:\/\/ipet1.neuquen.edu.ar\/wp-content\/uploads\/2024\/11\/Tec.-Sup.-Analista-Administrativo-Contable-Modalidad-Presencial-Duracion-4-anos-7-208x300.png 208w, https:\/\/ipet1.neuquen.edu.ar\/wp-content\/uploads\/2024\/11\/Tec.-Sup.-Analista-Administrativo-Contable-Modalidad-Presencial-Duracion-4-anos-7-768x1109.png 768w, https:\/\/ipet1.neuquen.edu.ar\/wp-content\/uploads\/2024\/11\/Tec.-Sup.-Analista-Administrativo-Contable-Modalidad-Presencial-Duracion-4-anos-7.png 1063w\" sizes=\"(max-width: 709px) 100vw, 709px\" \/>\t\t\t\t\t\t\t\t\t\t\t\t\t\t\t<\/div>\n\t\t\t\t<\/div>\n\t\t\t\t<div class=\"elementor-element elementor-element-5e18f25 elementor-align-center elementor-widget elementor-widget-button\" data-id=\"5e18f25\" data-element_type=\"widget\" data-e-type=\"widget\" data-widget_type=\"button.default\">\n\t\t\t\t<div class=\"elementor-widget-container\">\n\t\t\t\t\t\t\t\t\t<div class=\"elementor-button-wrapper\">\n\t\t\t\t\t<a class=\"elementor-button elementor-button-link elementor-size-sm\" href=\"https:\/\/ipet1.neuquen.edu.ar\/?page_id=168\" target=\"_blank\">\n\t\t\t\t\t\t<span class=\"elementor-button-content-wrapper\">\n\t\t\t\t\t\t\t\t\t<span class=\"elementor-button-text\">Ver m\u00e1s<\/span>\n\t\t\t\t\t<\/span>\n\t\t\t\t\t<\/a>\n\t\t\t\t<\/div>\n\t\t\t\t\t\t\t\t<\/div>\n\t\t\t\t<\/div>\n\t\t\t\t<\/div>\n\t\t\t\t\t<\/div>\n\t\t\t\t<\/div>\n\t\t<div class=\"elementor-element elementor-element-92b8fc2 e-flex e-con-boxed e-con e-parent\" data-id=\"92b8fc2\" data-element_type=\"container\" data-e-type=\"container\">\n\t\t\t\t\t<div class=\"e-con-inner\">\n\t\t<div class=\"elementor-element elementor-element-52846e7 e-con-full e-flex e-con e-child\" data-id=\"52846e7\" data-element_type=\"container\" data-e-type=\"container\">\n\t\t<div class=\"elementor-element elementor-element-e071c22 e-con-full e-flex e-con e-child\" data-id=\"e071c22\" data-element_type=\"container\" data-e-type=\"container\">\n\t\t\t\t<div class=\"elementor-element elementor-element-d00f0ec elementor-widget elementor-widget-image\" data-id=\"d00f0ec\" data-element_type=\"widget\" data-e-type=\"widget\" data-widget_type=\"image.default\">\n\t\t\t\t<div class=\"elementor-widget-container\">\n\t\t\t\t\t\t\t\t\t\t\t\t\t\t\t<img loading=\"lazy\" decoding=\"async\" width=\"709\" height=\"1024\" src=\"https:\/\/ipet1.neuquen.edu.ar\/wp-content\/uploads\/2025\/08\/Tec.-Sup.-Analista-Administrativo-Contable-Modalidad-Presencial-Duracion-4-anos-8-709x1024.png\" class=\"attachment-large size-large wp-image-628\" alt=\"\" srcset=\"https:\/\/ipet1.neuquen.edu.ar\/wp-content\/uploads\/2025\/08\/Tec.-Sup.-Analista-Administrativo-Contable-Modalidad-Presencial-Duracion-4-anos-8-709x1024.png 709w, https:\/\/ipet1.neuquen.edu.ar\/wp-content\/uploads\/2025\/08\/Tec.-Sup.-Analista-Administrativo-Contable-Modalidad-Presencial-Duracion-4-anos-8-208x300.png 208w, https:\/\/ipet1.neuquen.edu.ar\/wp-content\/uploads\/2025\/08\/Tec.-Sup.-Analista-Administrativo-Contable-Modalidad-Presencial-Duracion-4-anos-8-768x1109.png 768w, https:\/\/ipet1.neuquen.edu.ar\/wp-content\/uploads\/2025\/08\/Tec.-Sup.-Analista-Administrativo-Contable-Modalidad-Presencial-Duracion-4-anos-8.png 1063w\" sizes=\"(max-width: 709px) 100vw, 709px\" \/>\t\t\t\t\t\t\t\t\t\t\t\t\t\t\t<\/div>\n\t\t\t\t<\/div>\n\t\t\t\t<div class=\"elementor-element elementor-element-5b0de6d elementor-align-center elementor-widget elementor-widget-button\" data-id=\"5b0de6d\" data-element_type=\"widget\" data-e-type=\"widget\" data-widget_type=\"button.default\">\n\t\t\t\t<div class=\"elementor-widget-container\">\n\t\t\t\t\t\t\t\t\t<div class=\"elementor-button-wrapper\">\n\t\t\t\t\t<a class=\"elementor-button elementor-button-link elementor-size-sm\" href=\"https:\/\/ipet1.neuquen.edu.ar\/?page_id=629\" target=\"_blank\">\n\t\t\t\t\t\t<span class=\"elementor-button-content-wrapper\">\n\t\t\t\t\t\t\t\t\t<span class=\"elementor-button-text\">Ver m\u00e1s<\/span>\n\t\t\t\t\t<\/span>\n\t\t\t\t\t<\/a>\n\t\t\t\t<\/div>\n\t\t\t\t\t\t\t\t<\/div>\n\t\t\t\t<\/div>\n\t\t\t\t<\/div>\n\t\t\t\t<\/div>\n\t\t\t\t\t<\/div>\n\t\t\t\t<\/div>\n\t\t\t\t<\/div>\n\t\t","protected":false},"excerpt":{"rendered":"<p>Ver m\u00e1s Ver m\u00e1s Ver M\u00e1s Ver m\u00e1s Ver m\u00e1s<\/p>\n","protected":false},"author":1,"featured_media":0,"parent":0,"menu_order":0,"comment_status":"closed","ping_status":"closed","template":"","meta":{"site-sidebar-layout":"no-sidebar","site-content-layout":"","ast-site-content-layout":"full-width-container","site-content-style":"default","site-sidebar-style":"default","ast-global-header-display":"","ast-banner-title-visibility":"","ast-main-header-display":"","ast-hfb-above-header-display":"","ast-hfb-below-header-display":"","ast-hfb-mobile-header-display":"","site-post-title":"disabled","ast-breadcrumbs-content":"","ast-featured-img":"disabled","footer-sml-layout":"","theme-transparent-header-meta":"","adv-header-id-meta":"","stick-header-meta":"","header-above-stick-meta":"","header-main-stick-meta":"","header-below-stick-meta":"","astra-migrate-meta-layouts":"default","ast-page-background-enabled":"default","ast-page-background-meta":{"desktop":{"background-color":"var(--ast-global-color-4)","background-image":"","background-repeat":"repeat","background-position":"center center","background-size":"auto","background-attachment":"scroll","background-type":"","background-media":"","overlay-type":"","overlay-color":"","overlay-opacity":"","overlay-gradient":""},"tablet":{"background-color":"","background-image":"","background-repeat":"repeat","background-position":"center center","background-size":"auto","background-attachment":"scroll","background-type":"","background-media":"","overlay-type":"","overlay-color":"","overlay-opacity":"","overlay-gradient":""},"mobile":{"background-color":"","background-image":"","background-repeat":"repeat","background-position":"center center","background-size":"auto","background-attachment":"scroll","background-type":"","background-media":"","overlay-type":"","overlay-color":"","overlay-opacity":"","overlay-gradient":""}},"ast-content-background-meta":{"desktop":{"background-color":"var(--ast-global-color-5)","background-image":"","background-repeat":"repeat","background-position":"center center","background-size":"auto","background-attachment":"scroll","background-type":"","background-media":"","overlay-type":"","overlay-color":"","overlay-opacity":"","overlay-gradient":""},"tablet":{"background-color":"var(--ast-global-color-5)","background-image":"","background-repeat":"repeat","background-position":"center center","background-size":"auto","background-attachment":"scroll","background-type":"","background-media":"","overlay-type":"","overlay-color":"","overlay-opacity":"","overlay-gradient":""},"mobile":{"background-color":"var(--ast-global-color-5)","background-image":"","background-repeat":"repeat","background-position":"center center","background-size":"auto","background-attachment":"scroll","background-type":"","background-media":"","overlay-type":"","overlay-color":"","overlay-opacity":"","overlay-gradient":""}},"footnotes":""},"class_list":["post-87","page","type-page","status-publish","hentry"],"_links":{"self":[{"href":"https:\/\/ipet1.neuquen.edu.ar\/index.php?rest_route=\/wp\/v2\/pages\/87","targetHints":{"allow":["GET"]}}],"collection":[{"href":"https:\/\/ipet1.neuquen.edu.ar\/index.php?rest_route=\/wp\/v2\/pages"}],"about":[{"href":"https:\/\/ipet1.neuquen.edu.ar\/index.php?rest_route=\/wp\/v2\/types\/page"}],"author":[{"embeddable":true,"href":"https:\/\/ipet1.neuquen.edu.ar\/index.php?rest_route=\/wp\/v2\/users\/1"}],"replies":[{"embeddable":true,"href":"https:\/\/ipet1.neuquen.edu.ar\/index.php?rest_route=%2Fwp%2Fv2%2Fcomments&post=87"}],"version-history":[{"count":50,"href":"https:\/\/ipet1.neuquen.edu.ar\/index.php?rest_route=\/wp\/v2\/pages\/87\/revisions"}],"predecessor-version":[{"id":813,"href":"https:\/\/ipet1.neuquen.edu.ar\/index.php?rest_route=\/wp\/v2\/pages\/87\/revisions\/813"}],"wp:attachment":[{"href":"https:\/\/ipet1.neuquen.edu.ar\/index.php?rest_route=%2Fwp%2Fv2%2Fmedia&parent=87"}],"curies":[{"name":"wp","href":"https:\/\/api.w.org\/{rel}","templated":true}]}}